{"id":1965,"date":"2019-04-05T08:56:35","date_gmt":"2019-04-05T08:56:35","guid":{"rendered":"https:\/\/feno.it\/fengapi\/"},"modified":"2023-02-10T14:32:03","modified_gmt":"2023-02-10T14:32:03","slug":"fengapi","status":"publish","type":"page","link":"https:\/\/www.feno.it\/de\/fengapi\/","title":{"rendered":"Tessa"},"content":{"rendered":"<p>[et_pb_section fb_built=&#8221;1&#8243; custom_padding_last_edited=&#8221;on|phone&#8221; _builder_version=&#8221;3.22&#8243; background_color=&#8221;#e4e4e4&#8243; use_background_color_gradient=&#8221;on&#8221; background_color_gradient_start=&#8221;#e4e4e4&#8243; background_color_gradient_end=&#8221;rgba(255,255,255,0.03)&#8221; background_color_gradient_direction=&#8221;75deg&#8221; background_color_gradient_start_position=&#8221;30%&#8221; background_color_gradient_end_position=&#8221;57%&#8221; background_color_gradient_overlays_image=&#8221;on&#8221; background_image=&#8221;https:\/\/feno.it\/wp-content\/uploads\/7-header-gruppo-fengapi.jpg&#8221; background_position=&#8221;top_left&#8221; custom_padding=&#8221;124px|0px|124px|0px|true|false&#8221; custom_padding_tablet=&#8221;&#8221; custom_padding_phone=&#8221;130px||130px|&#8221; border_color_all=&#8221;#e4e4e4&#8243;][et_pb_row _builder_version=&#8221;3.25&#8243;][et_pb_column type=&#8221;4_4&#8243; _builder_version=&#8221;3.25&#8243; custom_padding=&#8221;|||&#8221; custom_padding__hover=&#8221;|||&#8221;][et_pb_image src=&#8221;https:\/\/feno.it\/wp-content\/uploads\/marchio-positivogoggia-P-3125C.png&#8221; _builder_version=&#8221;3.23&#8243; max_width=&#8221;20%&#8221; max_width_tablet=&#8221;&#8221; max_width_phone=&#8221;60%&#8221; max_width_last_edited=&#8221;on|phone&#8221; always_center_on_mobile=&#8221;off&#8221;][\/et_pb_image][\/et_pb_column][\/et_pb_row][\/et_pb_section][et_pb_section fb_built=&#8221;1&#8243; _builder_version=&#8221;3.22&#8243; border_color_all=&#8221;#e4e4e4&#8243; border_width_bottom=&#8221;29px&#8221;][et_pb_row column_structure=&#8221;1_3,2_3&#8243; _builder_version=&#8221;3.25&#8243;][et_pb_column type=&#8221;1_3&#8243; _builder_version=&#8221;3.25&#8243; custom_padding=&#8221;|||&#8221; custom_padding__hover=&#8221;|||&#8221;][et_pb_image src=&#8221;https:\/\/feno.it\/wp-content\/uploads\/tessa-bollino.jpg&#8221; align_tablet=&#8221;center&#8221; align_phone=&#8221;&#8221; align_last_edited=&#8221;on|desktop&#8221; _builder_version=&#8221;3.23&#8243; max_width=&#8221;96%&#8221; module_alignment=&#8221;center&#8221; border_color_all=&#8221;#e4e4e4&#8243;][\/et_pb_image][\/et_pb_column][et_pb_column type=&#8221;2_3&#8243; _builder_version=&#8221;3.25&#8243; custom_padding=&#8221;|||&#8221; custom_padding__hover=&#8221;|||&#8221;][et_pb_text _builder_version=&#8221;3.27.4&#8243; text_font=&#8221;||||||||&#8221; text_text_color=&#8221;#5a5a5a&#8221; header_font=&#8221;|300|||||||&#8221; header_text_align=&#8221;left&#8221; header_text_color=&#8221;#cc1331&#8243; header_2_font=&#8221;|300|||||||&#8221; header_2_text_align=&#8221;left&#8221; header_2_text_color=&#8221;#cc1331&#8243; header_2_font_size=&#8221;40px&#8221; header_2_line_height=&#8221;1.4em&#8221; header_3_font=&#8221;||||||||&#8221; header_3_text_color=&#8221;#919191&#8243; header_3_font_size=&#8221;18px&#8221;]<\/p>\n<h2>Tessa\u00ae Fengapi(s)<\/h2>\n<h3>INHABER Feno\u00ae GmbH<\/h3>\n<p>&nbsp;<\/p>\n<p><strong>ABSTAMMUNG: <\/strong> <span>Fengapi (s) ist eine Kreuzung zwischen Gala x Pink Rose.<\/span><\/p>\n<p>[\/et_pb_text][et_pb_button button_url=&#8221;https:\/\/feno.it\/wp-content\/uploads\/Tessa.pdf&#8221; url_new_window=&#8221;on&#8221; button_text=&#8221;BROCHURE&#8221; button_alignment=&#8221;left&#8221; _builder_version=&#8221;4.5.3&#8243; custom_button=&#8221;on&#8221; button_text_size=&#8221;18px&#8221; button_text_color=&#8221;#cc1331&#8243; button_bg_color=&#8221;#ffffff&#8221; button_border_width=&#8221;2px&#8221; button_border_color=&#8221;#e4e4e4&#8243; button_border_radius=&#8221;0px&#8221; button_letter_spacing=&#8221;1px&#8221; button_font=&#8221;|||on|||||&#8221; button_icon=&#8221;%%115%%&#8221; button_icon_placement=&#8221;left&#8221; button_on_hover=&#8221;off&#8221; hover_enabled=&#8221;0&#8243; button_text_color_hover=&#8221;#cc1331&#8243; button_bg_color_hover=&#8221;#e4e4e4&#8243; button_text_size__hover_enabled=&#8221;off&#8221; button_one_text_size__hover_enabled=&#8221;off&#8221; button_two_text_size__hover_enabled=&#8221;off&#8221; button_text_color__hover_enabled=&#8221;on&#8221; button_text_color__hover=&#8221;#cc1331&#8243; button_one_text_color__hover_enabled=&#8221;off&#8221; button_two_text_color__hover_enabled=&#8221;off&#8221; button_border_width__hover_enabled=&#8221;off&#8221; button_one_border_width__hover_enabled=&#8221;off&#8221; button_two_border_width__hover_enabled=&#8221;off&#8221; button_border_color__hover_enabled=&#8221;off&#8221; button_one_border_color__hover_enabled=&#8221;off&#8221; button_two_border_color__hover_enabled=&#8221;off&#8221; button_border_radius__hover_enabled=&#8221;off&#8221; button_one_border_radius__hover_enabled=&#8221;off&#8221; button_two_border_radius__hover_enabled=&#8221;off&#8221; button_letter_spacing__hover_enabled=&#8221;off&#8221; button_one_letter_spacing__hover_enabled=&#8221;off&#8221; button_two_letter_spacing__hover_enabled=&#8221;off&#8221; button_bg_color__hover_enabled=&#8221;on&#8221; button_bg_color__hover=&#8221;#e4e4e4&#8243; button_one_bg_color__hover_enabled=&#8221;off&#8221; button_two_bg_color__hover_enabled=&#8221;off&#8221;][\/et_pb_button][et_pb_button button_url=&#8221;\/wp-content\/uploads\/epoca_di_raccolta_fruitplant.pdf&#8221; url_new_window=&#8221;on&#8221; button_text=&#8221;REIFEZEIT&#8221; button_alignment=&#8221;left&#8221; _builder_version=&#8221;3.16&#8243; custom_button=&#8221;on&#8221; button_text_size=&#8221;18px&#8221; button_text_color=&#8221;#cc1331&#8243; button_bg_color=&#8221;#ffffff&#8221; button_border_width=&#8221;2px&#8221; button_border_color=&#8221;#e4e4e4&#8243; button_border_radius=&#8221;0px&#8221; button_letter_spacing=&#8221;1px&#8221; button_font=&#8221;|||on|||||&#8221; button_icon=&#8221;%%370%%&#8221; button_icon_placement=&#8221;left&#8221; button_on_hover=&#8221;off&#8221; button_text_color_hover=&#8221;#cc1331&#8243; button_letter_spacing_hover=&#8221;0&#8243; button_bg_color_hover=&#8221;#e4e4e4&#8243; global_module=&#8221;1049&#8243; saved_tabs=&#8221;all&#8221; button_text_size__hover_enabled=&#8221;off&#8221; button_one_text_size__hover_enabled=&#8221;off&#8221; button_two_text_size__hover_enabled=&#8221;off&#8221; button_text_color__hover_enabled=&#8221;on&#8221; button_text_color__hover=&#8221;#cc1331&#8243; button_one_text_color__hover_enabled=&#8221;off&#8221; button_two_text_color__hover_enabled=&#8221;off&#8221; button_border_width__hover_enabled=&#8221;off&#8221; button_one_border_width__hover_enabled=&#8221;off&#8221; button_two_border_width__hover_enabled=&#8221;off&#8221; button_border_color__hover_enabled=&#8221;off&#8221; button_one_border_color__hover_enabled=&#8221;off&#8221; button_two_border_color__hover_enabled=&#8221;off&#8221; button_border_radius__hover_enabled=&#8221;off&#8221; button_one_border_radius__hover_enabled=&#8221;off&#8221; button_two_border_radius__hover_enabled=&#8221;off&#8221; button_letter_spacing__hover_enabled=&#8221;on&#8221; button_letter_spacing__hover=&#8221;0&#8243; button_one_letter_spacing__hover_enabled=&#8221;off&#8221; button_two_letter_spacing__hover_enabled=&#8221;off&#8221; button_bg_color__hover_enabled=&#8221;on&#8221; button_bg_color__hover=&#8221;#e4e4e4&#8243; button_one_bg_color__hover_enabled=&#8221;off&#8221; button_two_bg_color__hover_enabled=&#8221;off&#8221;][\/et_pb_button][\/et_pb_column][\/et_pb_row][et_pb_row _builder_version=&#8221;3.25&#8243;][et_pb_column type=&#8221;4_4&#8243; _builder_version=&#8221;3.25&#8243; custom_padding=&#8221;|||&#8221; custom_padding__hover=&#8221;|||&#8221;][et_pb_divider _builder_version=&#8221;3.12.2&#8243;][\/et_pb_divider][\/et_pb_column][\/et_pb_row][et_pb_row column_structure=&#8221;1_3,1_3,1_3&#8243; use_custom_gutter=&#8221;on&#8221; gutter_width=&#8221;2&#8243; _builder_version=&#8221;3.25&#8243; custom_padding=&#8221;0|0px|27px|0px|false|false&#8221;][et_pb_column type=&#8221;1_3&#8243; _builder_version=&#8221;3.25&#8243; custom_padding=&#8221;|||&#8221; custom_padding__hover=&#8221;|||&#8221;][et_pb_blurb title=&#8221;Frucht&#8221; image=&#8221;https:\/\/feno.it\/wp-content\/uploads\/feno-ico-4.png&#8221; icon_placement=&#8221;left&#8221; image_max_width=&#8221;60%&#8221; _builder_version=&#8221;3.12.2&#8243; header_font=&#8221;||||||||&#8221; header_text_align=&#8221;left&#8221; header_text_color=&#8221;#5a5a5a&#8221; header_font_size=&#8221;20px&#8221; header_line_height=&#8221;1.4em&#8221; body_font=&#8221;||||||||&#8221; animation_style=&#8221;zoom&#8221; animation_direction=&#8221;bottom&#8221; animation_speed_curve=&#8221;linear&#8221;]<\/p>\n<p><strong>Farbe:<\/strong><span> leuchtend rote Deckfarbe mit einem gelbgr\u00fcnlichen Grund, Schattenseite mit leichter roter Streifung<\/span><br \/><strong>Geschmack:<\/strong><span>  s\u00fc\u00df, mit niedriger S\u00e4ure, angenehm aromatisch<\/span><br \/><strong>Form\/Gr\u00f6\u00dfe:<\/strong><span> mittelgro\u00df, hoch gebaut<\/span><br \/><strong>Schale:<\/strong><span> glatt, keine Probleme mit Berostung, Sonnenbrand oder Lentizellen Reizung<\/span><br \/><strong>Fruchtfleisch:<\/strong><span> knackig, saftig, fest<\/span><\/p>\n<p>[\/et_pb_blurb][\/et_pb_column][et_pb_column type=&#8221;1_3&#8243; _builder_version=&#8221;3.25&#8243; custom_padding=&#8221;|||&#8221; custom_padding__hover=&#8221;|||&#8221;][et_pb_blurb title=&#8221;Baum&#8221; image=&#8221;https:\/\/feno.it\/wp-content\/uploads\/feno-ico-3.png&#8221; icon_placement=&#8221;left&#8221; image_max_width=&#8221;60%&#8221; _builder_version=&#8221;3.12.2&#8243; header_font=&#8221;||||||||&#8221; header_text_align=&#8221;left&#8221; header_text_color=&#8221;#5a5a5a&#8221; header_font_size=&#8221;20px&#8221; header_line_height=&#8221;1.4em&#8221; body_font=&#8221;||||||||&#8221; animation_style=&#8221;zoom&#8221; animation_direction=&#8221;bottom&#8221; animation_speed_curve=&#8221;linear&#8221;]<\/p>\n<p><strong>Wuchs:<\/strong><span> mittelstark, einheitlich mit guter Garnierung<\/span><br \/><strong>Bl\u00fcte:<\/strong><span> fr\u00fcher Knospenaufbruch, mittelfr\u00fche, regelm\u00e4\u00dfige und reiche Bl\u00fcte<\/span><br \/><strong>Befruchter: <\/strong><span> in Pr\u00fcfung<\/span><\/p>\n<p>[\/et_pb_blurb][\/et_pb_column][et_pb_column type=&#8221;1_3&#8243; _builder_version=&#8221;3.25&#8243; custom_padding=&#8221;|||&#8221; custom_padding__hover=&#8221;|||&#8221;][et_pb_blurb title=&#8221;Merkmale&#8221; image=&#8221;https:\/\/feno.it\/wp-content\/uploads\/feno-ico-2.png&#8221; icon_placement=&#8221;left&#8221; image_max_width=&#8221;60%&#8221; _builder_version=&#8221;3.12.2&#8243; header_font=&#8221;||||||||&#8221; header_text_align=&#8221;left&#8221; header_text_color=&#8221;#5a5a5a&#8221; header_font_size=&#8221;20px&#8221; header_line_height=&#8221;1.4em&#8221; body_font=&#8221;||||||||&#8221; animation_style=&#8221;zoom&#8221; animation_direction=&#8221;bottom&#8221; animation_speed_curve=&#8221;linear&#8221;]<\/p>\n<p><span>Einheitliche Fruchtqualit\u00e4t, sehr ansprechendes Aussehen, gute Ertragsleistung ohne Neigung zu Alternanz, hohe Festigkeit und gute Lagerf\u00e4higkeit. Erntezeitpunkt Golden Del. +2 Tage.<\/span><\/p>\n<p>[\/et_pb_blurb][\/et_pb_column][\/et_pb_row][et_pb_row _builder_version=&#8221;3.25&#8243;][et_pb_column type=&#8221;4_4&#8243; _builder_version=&#8221;3.25&#8243; custom_padding=&#8221;|||&#8221; custom_padding__hover=&#8221;|||&#8221;][et_pb_divider _builder_version=&#8221;3.12.2&#8243;][\/et_pb_divider][\/et_pb_column][\/et_pb_row][\/et_pb_section][et_pb_section fb_built=&#8221;1&#8243; _builder_version=&#8221;3.22&#8243; background_color=&#8221;#ffffff&#8221; custom_padding=&#8221;65px|6px|65px|0px|true|false&#8221; border_color_all=&#8221;#e4e4e4&#8243;][et_pb_row column_structure=&#8221;1_2,1_2&#8243; use_custom_gutter=&#8221;on&#8221; gutter_width=&#8221;2&#8243; module_class=&#8221; et_pb_row_fullwidth&#8221; _builder_version=&#8221;3.25&#8243; width=&#8221;94%&#8221; width_tablet=&#8221;80%&#8221; width_phone=&#8221;&#8221; width_last_edited=&#8221;on|desktop&#8221; max_width=&#8221;94%&#8221; max_width_tablet=&#8221;80%&#8221; max_width_phone=&#8221;&#8221; max_width_last_edited=&#8221;on|desktop&#8221; custom_padding=&#8221;0|0px|0|0px|false|false&#8221; make_fullwidth=&#8221;on&#8221;][et_pb_column type=&#8221;1_2&#8243; _builder_version=&#8221;3.25&#8243; custom_padding=&#8221;|||&#8221; custom_padding__hover=&#8221;|||&#8221;][et_pb_image src=&#8221;https:\/\/feno.it\/wp-content\/uploads\/CassettaNew.jpg&#8221; show_bottom_space=&#8221;off&#8221; align_tablet=&#8221;center&#8221; align_phone=&#8221;&#8221; align_last_edited=&#8221;on|desktop&#8221; _builder_version=&#8221;3.23&#8243;][\/et_pb_image][\/et_pb_column][et_pb_column type=&#8221;1_2&#8243; _builder_version=&#8221;3.25&#8243; custom_padding=&#8221;|||&#8221; custom_padding__hover=&#8221;|||&#8221;][et_pb_image src=&#8221;https:\/\/feno.it\/wp-content\/uploads\/mappa-tessa-1.jpg&#8221; title_text=&#8221;mappa-tessa&#8221; show_bottom_space=&#8221;off&#8221; align_tablet=&#8221;center&#8221; align_phone=&#8221;&#8221; align_last_edited=&#8221;on|desktop&#8221; _builder_version=&#8221;4.5.3&#8243; module_alignment=&#8221;right&#8221;][\/et_pb_image][\/et_pb_column][\/et_pb_row][\/et_pb_section][et_pb_section fb_built=&#8221;1&#8243; _builder_version=&#8221;3.22&#8243; use_background_color_gradient=&#8221;on&#8221; background_color_gradient_start=&#8221;rgba(255,255,255,0.8)&#8221; background_color_gradient_end=&#8221;rgba(0,0,0,0)&#8221; background_color_gradient_type=&#8221;radial&#8221; background_color_gradient_overlays_image=&#8221;on&#8221; background_image=&#8221;https:\/\/feno.it\/wp-content\/uploads\/varieta-bg-3.jpg&#8221; custom_padding=&#8221;110px|0px|110px|0px|true|false&#8221; border_width_top=&#8221;29px&#8221; border_color_top=&#8221;#e4e4e4&#8243;][et_pb_row _builder_version=&#8221;3.25&#8243;][et_pb_column type=&#8221;4_4&#8243; _builder_version=&#8221;3.25&#8243; custom_padding=&#8221;|||&#8221; custom_padding__hover=&#8221;|||&#8221;][et_pb_text _builder_version=&#8221;3.27.4&#8243; text_font=&#8221;||||||||&#8221; text_text_color=&#8221;#5a5a5a&#8221; header_font=&#8221;|300|||||||&#8221; header_text_align=&#8221;center&#8221; header_text_color=&#8221;#cc1331&#8243; header_2_font=&#8221;|300|||||||&#8221; header_2_text_align=&#8221;center&#8221; header_2_text_color=&#8221;#cc1331&#8243; header_2_font_size=&#8221;40px&#8221; header_2_line_height=&#8221;1.2em&#8221; header_3_font=&#8221;||||||||&#8221; header_3_text_color=&#8221;#5a5a5a&#8221; header_3_font_size=&#8221;20px&#8221; header_3_line_height=&#8221;1.4em&#8221; text_orientation=&#8221;center&#8221;]<\/p>\n<h1>Sorten\u00fcbersicht<\/h1>\n<h2>Feno-Z\u00fcchtungsprogramm<\/h2>\n<p>Das Feno-Z\u00fcchtungsprogramm umfasst ca. 1.000 Kreuzungen j\u00e4hrlich. Das Z\u00fcchtungsziel ist klar definiert: Gesucht wird eine Sorte mit guter Anbaueignung, konsumentengerechten Eigenschaften und einem hohen Wiedererkennungswert. <\/p>\n<p>[\/et_pb_text][et_pb_button button_url=&#8221;https:\/\/feno.it\/de\/apfelsorte\/&#8221; button_text=&#8221;ALLES SEHEN&#8221; button_alignment=&#8221;center&#8221; _builder_version=&#8221;3.16&#8243; custom_button=&#8221;on&#8221; button_text_size=&#8221;18px&#8221; button_text_color=&#8221;#cc1331&#8243; button_bg_color=&#8221;#ffffff&#8221; button_border_width=&#8221;2px&#8221; button_border_color=&#8221;rgba(0,0,0,0)&#8221; button_border_radius=&#8221;0px&#8221; button_letter_spacing=&#8221;1px&#8221; button_font=&#8221;|||on|||||&#8221; button_use_icon=&#8221;off&#8221; button_text_color_hover=&#8221;#cc1331&#8243; button_bg_color_hover=&#8221;#e4e4e4&#8243; button_text_size__hover_enabled=&#8221;off&#8221; button_one_text_size__hover_enabled=&#8221;off&#8221; button_two_text_size__hover_enabled=&#8221;off&#8221; button_text_color__hover_enabled=&#8221;on&#8221; button_text_color__hover=&#8221;#cc1331&#8243; button_one_text_color__hover_enabled=&#8221;off&#8221; button_two_text_color__hover_enabled=&#8221;off&#8221; button_border_width__hover_enabled=&#8221;off&#8221; button_one_border_width__hover_enabled=&#8221;off&#8221; button_two_border_width__hover_enabled=&#8221;off&#8221; button_border_color__hover_enabled=&#8221;off&#8221; button_one_border_color__hover_enabled=&#8221;off&#8221; button_two_border_color__hover_enabled=&#8221;off&#8221; button_border_radius__hover_enabled=&#8221;off&#8221; button_one_border_radius__hover_enabled=&#8221;off&#8221; button_two_border_radius__hover_enabled=&#8221;off&#8221; button_letter_spacing__hover_enabled=&#8221;off&#8221; button_one_letter_spacing__hover_enabled=&#8221;off&#8221; button_two_letter_spacing__hover_enabled=&#8221;off&#8221; button_bg_color__hover_enabled=&#8221;on&#8221; button_bg_color__hover=&#8221;#e4e4e4&#8243; button_one_bg_color__hover_enabled=&#8221;off&#8221; button_two_bg_color__hover_enabled=&#8221;off&#8221;][\/et_pb_button][\/et_pb_column][\/et_pb_row][\/et_pb_section]<\/p>\n","protected":false},"excerpt":{"rendered":"<p>Tessa\u00ae Fengapi(s) INHABER Feno\u00ae GmbH &nbsp; ABSTAMMUNG: Fengapi (s) ist eine Kreuzung zwischen Gala x Pink Rose.Farbe: leuchtend rote Deckfarbe mit einem gelbgr\u00fcnlichen Grund, Schattenseite mit leichter roter StreifungGeschmack: s\u00fc\u00df, mit niedriger S\u00e4ure, angenehm aromatischForm\/Gr\u00f6\u00dfe: mittelgro\u00df, hoch gebautSchale: glatt, keine Probleme mit Berostung, Sonnenbrand oder Lentizellen ReizungFruchtfleisch: knackig, saftig, festWuchs: mittelstark, einheitlich mit guter GarnierungBl\u00fcte: [&hellip;]<\/p>\n","protected":false},"author":1,"featured_media":0,"parent":0,"menu_order":0,"comment_status":"closed","ping_status":"closed","template":"","meta":{"_et_pb_use_builder":"on","_et_pb_old_content":"","_et_gb_content_width":"","footnotes":""},"class_list":["post-1965","page","type-page","status-publish","hentry"],"_links":{"self":[{"href":"https:\/\/www.feno.it\/de\/wp-json\/wp\/v2\/pages\/1965","targetHints":{"allow":["GET"]}}],"collection":[{"href":"https:\/\/www.feno.it\/de\/wp-json\/wp\/v2\/pages"}],"about":[{"href":"https:\/\/www.feno.it\/de\/wp-json\/wp\/v2\/types\/page"}],"author":[{"embeddable":true,"href":"https:\/\/www.feno.it\/de\/wp-json\/wp\/v2\/users\/1"}],"replies":[{"embeddable":true,"href":"https:\/\/www.feno.it\/de\/wp-json\/wp\/v2\/comments?post=1965"}],"version-history":[{"count":0,"href":"https:\/\/www.feno.it\/de\/wp-json\/wp\/v2\/pages\/1965\/revisions"}],"wp:attachment":[{"href":"https:\/\/www.feno.it\/de\/wp-json\/wp\/v2\/media?parent=1965"}],"curies":[{"name":"wp","href":"https:\/\/api.w.org\/{rel}","templated":true}]}}