{"id":1954,"date":"2019-04-05T08:16:35","date_gmt":"2019-04-05T08:16:35","guid":{"rendered":"https:\/\/feno.it\/gruppe-schorfresistent\/"},"modified":"2019-04-08T08:05:50","modified_gmt":"2019-04-08T08:05:50","slug":"gruppe-schorfresistent","status":"publish","type":"page","link":"https:\/\/www.feno.it\/de\/gruppe-schorfresistent\/","title":{"rendered":"Gruppe Schorfresistent"},"content":{"rendered":"<p>[et_pb_section fb_built=&#8221;1&#8243; _builder_version=&#8221;3.12.2&#8243; background_color=&#8221;#e4e4e4&#8243; use_background_color_gradient=&#8221;on&#8221; background_color_gradient_start=&#8221;#e4e4e4&#8243; background_color_gradient_end=&#8221;rgba(255,255,255,0.02)&#8221; background_color_gradient_direction=&#8221;88deg&#8221; background_color_gradient_start_position=&#8221;39%&#8221; background_color_gradient_end_position=&#8221;78%&#8221; background_color_gradient_overlays_image=&#8221;on&#8221; background_image=&#8221;https:\/\/feno.it\/wp-content\/uploads\/8-header-resistenti-ticchiolatura.jpg&#8221; border_color_all=&#8221;#e4e4e4&#8243; custom_padding=&#8221;110px|0px|110px|0px|true|false&#8221;][et_pb_row _builder_version=&#8221;3.12.2&#8243;][et_pb_column type=&#8221;1_2&#8243; _builder_version=&#8221;3.12.2&#8243;][et_pb_text _builder_version=&#8221;3.21.3&#8243; text_font=&#8221;||||||||&#8221; text_text_color=&#8221;#5a5a5a&#8221; header_font=&#8221;|300|||||||&#8221; header_text_align=&#8221;left&#8221; header_text_color=&#8221;#cc1331&#8243; header_font_size=&#8221;60px&#8221; header_font_size_phone=&#8221;50px&#8221; header_font_size_last_edited=&#8221;on|phone&#8221; header_2_font=&#8221;||||||||&#8221; header_2_text_color=&#8221;#5a5a5a&#8221; header_2_font_size=&#8221;20px&#8221; header_2_line_height=&#8221;1.4em&#8221;]<\/p>\n<h1>Schorfresistent<\/h1>\n<p>[\/et_pb_text][\/et_pb_column][et_pb_column type=&#8221;1_2&#8243; _builder_version=&#8221;3.12.2&#8243;][\/et_pb_column][\/et_pb_row][\/et_pb_section][et_pb_section fb_built=&#8221;1&#8243; _builder_version=&#8221;3.21.3&#8243; border_width_all=&#8221;29px&#8221; border_color_all=&#8221;#e4e4e4&#8243; border_width_top=&#8221;0px&#8221; border_width_right=&#8221;0px&#8221; border_width_left=&#8221;0px&#8221;][et_pb_row _builder_version=&#8221;3.12.2&#8243;][et_pb_column type=&#8221;1_3&#8243; _builder_version=&#8221;3.12.2&#8243;][et_pb_image src=&#8221;https:\/\/feno.it\/wp-content\/uploads\/tramin.jpg&#8221; _builder_version=&#8221;3.12.2&#8243; border_color_all=&#8221;#e4e4e4&#8243;][\/et_pb_image][\/et_pb_column][et_pb_column type=&#8221;2_3&#8243; _builder_version=&#8221;3.12.2&#8243;][et_pb_text _builder_version=&#8221;3.12.2&#8243; text_font=&#8221;||||||||&#8221; text_text_color=&#8221;#5a5a5a&#8221; header_font=&#8221;|300|||||||&#8221; header_text_align=&#8221;left&#8221; header_text_color=&#8221;#cc1331&#8243; header_2_font=&#8221;|300|||||||&#8221; header_2_text_align=&#8221;left&#8221; header_2_text_color=&#8221;#cc1331&#8243; header_2_font_size=&#8221;40px&#8221; header_2_line_height=&#8221;1.4em&#8221; header_3_font=&#8221;||||||||&#8221; header_3_text_color=&#8221;#919191&#8243; header_3_font_size=&#8221;18px&#8221;]<\/p>\n<h2>Tramin(s)<\/h2>\n<h3>INHABER: Feno\u00ae GmbH<\/h3>\n<p>&nbsp;<\/p>\n<p><strong>ABSTAMMUNG:<\/strong> <span>Tramin (s) ist eine Kreuzung von Christoph Kaneppele, entstanden in den 90er Jahren in Tramin, S\u00fcdtirol.<\/span><\/p>\n<p>[\/et_pb_text][et_pb_button button_url=&#8221;\/wp-content\/uploads\/Tramin-1.pdf&#8221; url_new_window=&#8221;on&#8221; button_text=&#8221;DATENBLATT&#8221; button_alignment=&#8221;left&#8221; _builder_version=&#8221;3.16&#8243; custom_button=&#8221;on&#8221; button_text_size=&#8221;18px&#8221; button_text_color=&#8221;#cc1331&#8243; button_bg_color=&#8221;#ffffff&#8221; button_border_width=&#8221;2px&#8221; button_border_color=&#8221;#e4e4e4&#8243; button_border_radius=&#8221;0px&#8221; button_letter_spacing=&#8221;1px&#8221; button_font=&#8221;|||on|||||&#8221; button_icon=&#8221;%%115%%&#8221; button_icon_placement=&#8221;left&#8221; button_on_hover=&#8221;off&#8221; button_text_color_hover=&#8221;#cc1331&#8243; button_bg_color_hover=&#8221;#e4e4e4&#8243; button_text_size__hover_enabled=&#8221;off&#8221; button_one_text_size__hover_enabled=&#8221;off&#8221; button_two_text_size__hover_enabled=&#8221;off&#8221; button_text_color__hover_enabled=&#8221;on&#8221; button_text_color__hover=&#8221;#cc1331&#8243; button_one_text_color__hover_enabled=&#8221;off&#8221; button_two_text_color__hover_enabled=&#8221;off&#8221; button_border_width__hover_enabled=&#8221;off&#8221; button_one_border_width__hover_enabled=&#8221;off&#8221; button_two_border_width__hover_enabled=&#8221;off&#8221; button_border_color__hover_enabled=&#8221;off&#8221; button_one_border_color__hover_enabled=&#8221;off&#8221; button_two_border_color__hover_enabled=&#8221;off&#8221; button_border_radius__hover_enabled=&#8221;off&#8221; button_one_border_radius__hover_enabled=&#8221;off&#8221; button_two_border_radius__hover_enabled=&#8221;off&#8221; button_letter_spacing__hover_enabled=&#8221;off&#8221; button_one_letter_spacing__hover_enabled=&#8221;off&#8221; button_two_letter_spacing__hover_enabled=&#8221;off&#8221; button_bg_color__hover_enabled=&#8221;on&#8221; button_bg_color__hover=&#8221;#e4e4e4&#8243; button_one_bg_color__hover_enabled=&#8221;off&#8221; button_two_bg_color__hover_enabled=&#8221;off&#8221;][\/et_pb_button][et_pb_button button_url=&#8221;\/wp-content\/uploads\/epoca_di_raccolta_fruitplant.pdf&#8221; url_new_window=&#8221;on&#8221; button_text=&#8221;REIFEZEIT APFELSORTEN&#8221; button_alignment=&#8221;left&#8221; _builder_version=&#8221;3.16&#8243; custom_button=&#8221;on&#8221; button_text_size=&#8221;18px&#8221; button_text_color=&#8221;#cc1331&#8243; button_bg_color=&#8221;#ffffff&#8221; button_border_width=&#8221;2px&#8221; button_border_color=&#8221;#e4e4e4&#8243; button_border_radius=&#8221;0px&#8221; button_letter_spacing=&#8221;1px&#8221; button_font=&#8221;|||on|||||&#8221; button_icon=&#8221;%%370%%&#8221; button_icon_placement=&#8221;left&#8221; button_on_hover=&#8221;off&#8221; button_text_color_hover=&#8221;#cc1331&#8243; button_letter_spacing_hover=&#8221;0&#8243; button_bg_color_hover=&#8221;#e4e4e4&#8243; saved_tabs=&#8221;all&#8221; button_text_size__hover_enabled=&#8221;off&#8221; button_one_text_size__hover_enabled=&#8221;off&#8221; button_two_text_size__hover_enabled=&#8221;off&#8221; button_text_color__hover_enabled=&#8221;on&#8221; button_text_color__hover=&#8221;#cc1331&#8243; button_one_text_color__hover_enabled=&#8221;off&#8221; button_two_text_color__hover_enabled=&#8221;off&#8221; button_border_width__hover_enabled=&#8221;off&#8221; button_one_border_width__hover_enabled=&#8221;off&#8221; button_two_border_width__hover_enabled=&#8221;off&#8221; button_border_color__hover_enabled=&#8221;off&#8221; button_one_border_color__hover_enabled=&#8221;off&#8221; button_two_border_color__hover_enabled=&#8221;off&#8221; button_border_radius__hover_enabled=&#8221;off&#8221; button_one_border_radius__hover_enabled=&#8221;off&#8221; button_two_border_radius__hover_enabled=&#8221;off&#8221; button_letter_spacing__hover_enabled=&#8221;on&#8221; button_letter_spacing__hover=&#8221;0&#8243; button_one_letter_spacing__hover_enabled=&#8221;off&#8221; button_two_letter_spacing__hover_enabled=&#8221;off&#8221; button_bg_color__hover_enabled=&#8221;on&#8221; button_bg_color__hover=&#8221;#e4e4e4&#8243; button_one_bg_color__hover_enabled=&#8221;off&#8221; button_two_bg_color__hover_enabled=&#8221;off&#8221;][\/et_pb_button][\/et_pb_column][\/et_pb_row][et_pb_row _builder_version=&#8221;3.12.2&#8243;][et_pb_column type=&#8221;4_4&#8243; _builder_version=&#8221;3.12.2&#8243;][et_pb_divider _builder_version=&#8221;3.12.2&#8243;][\/et_pb_divider][\/et_pb_column][\/et_pb_row][et_pb_row use_custom_gutter=&#8221;on&#8221; gutter_width=&#8221;2&#8243; custom_padding=&#8221;0|0px|27px|0px|false|false&#8221; _builder_version=&#8221;3.12.2&#8243;][et_pb_column type=&#8221;1_3&#8243; _builder_version=&#8221;3.12.2&#8243;][et_pb_blurb title=&#8221;Fruchte&#8221; image=&#8221;https:\/\/feno.it\/wp-content\/uploads\/feno-ico-4.png&#8221; icon_placement=&#8221;left&#8221; image_max_width=&#8221;60%&#8221; _builder_version=&#8221;3.12.2&#8243; header_font=&#8221;||||||||&#8221; header_text_align=&#8221;left&#8221; header_text_color=&#8221;#5a5a5a&#8221; header_font_size=&#8221;20px&#8221; header_line_height=&#8221;1.4em&#8221; body_font=&#8221;||||||||&#8221; animation_style=&#8221;zoom&#8221; animation_direction=&#8221;bottom&#8221; animation_speed_curve=&#8221;linear&#8221;]<\/p>\n<p><strong><span>Farbe<\/span><\/strong><span>: gelbe Grundfarbe, rote Deckfarbe mit feiner Streifung.<br \/><\/span><strong><span>Geschmack: <\/span><\/strong><span>s\u00fc\u00df mit feiner S\u00e4ure, sehr aromatisch, erinnert an Gew\u00fcrztraminer Wein.<br \/><\/span><strong><span>Form\/Gr\u00f6\u00dfe: <\/span><\/strong><span>kugelig bis platt. <br \/><\/span><strong><span>Schale: <\/span><\/strong><span>glatt<br \/><\/span><strong><span>Fruchtfleisch: <\/span><\/strong><span>sehr knackig, saftig.<\/span><\/p>\n<p>[\/et_pb_blurb][\/et_pb_column][et_pb_column type=&#8221;1_3&#8243; _builder_version=&#8221;3.12.2&#8243;][et_pb_blurb title=&#8221;Baum&#8221; image=&#8221;https:\/\/feno.it\/wp-content\/uploads\/feno-ico-3.png&#8221; icon_placement=&#8221;left&#8221; image_max_width=&#8221;60%&#8221; _builder_version=&#8221;3.12.2&#8243; header_font=&#8221;||||||||&#8221; header_text_align=&#8221;left&#8221; header_text_color=&#8221;#5a5a5a&#8221; header_font_size=&#8221;20px&#8221; header_line_height=&#8221;1.4em&#8221; body_font=&#8221;||||||||&#8221; animation_style=&#8221;zoom&#8221; animation_direction=&#8221;bottom&#8221; animation_speed_curve=&#8221;linear&#8221;]<\/p>\n<p><strong><span>Wuchs<\/span><\/strong><span>: schwach bis mittelstark.<\/span><\/p>\n<p>[\/et_pb_blurb][\/et_pb_column][et_pb_column type=&#8221;1_3&#8243; _builder_version=&#8221;3.12.2&#8243;][et_pb_blurb title=&#8221;Merkmale&#8221; image=&#8221;https:\/\/feno.it\/wp-content\/uploads\/feno-ico-2.png&#8221; icon_placement=&#8221;left&#8221; image_max_width=&#8221;60%&#8221; _builder_version=&#8221;3.12.2&#8243; header_font=&#8221;||||||||&#8221; header_text_align=&#8221;left&#8221; header_text_color=&#8221;#5a5a5a&#8221; header_font_size=&#8221;20px&#8221; header_line_height=&#8221;1.4em&#8221; body_font=&#8221;||||||||&#8221; animation_style=&#8221;zoom&#8221; animation_direction=&#8221;bottom&#8221; animation_speed_curve=&#8221;linear&#8221;]<\/p>\n<p><span>Schorfresistent, gute Haltbarkeit, guter j\u00e4hrlicher Fruchtansatz, interessant f\u00fcr Direktvermarktung. Fr\u00fche Reife \u2013 ca. 1 Woche vor Gala.<\/span><\/p>\n<p>[\/et_pb_blurb][\/et_pb_column][\/et_pb_row][et_pb_row _builder_version=&#8221;3.12.2&#8243;][et_pb_column type=&#8221;4_4&#8243; _builder_version=&#8221;3.12.2&#8243;][et_pb_divider _builder_version=&#8221;3.12.2&#8243;][\/et_pb_divider][\/et_pb_column][\/et_pb_row][\/et_pb_section][et_pb_section fb_built=&#8221;1&#8243; _builder_version=&#8221;3.21.3&#8243; border_color_all=&#8221;#e4e4e4&#8243;][et_pb_row padding_top_2=&#8221;50px&#8221; _builder_version=&#8221;3.12.2&#8243;][et_pb_column type=&#8221;1_3&#8243; _builder_version=&#8221;3.12.2&#8243;][et_pb_image src=&#8221;https:\/\/feno.it\/wp-content\/uploads\/16-red-topaz.png&#8221; _builder_version=&#8221;3.12.2&#8243; border_color_all=&#8221;#e4e4e4&#8243;][\/et_pb_image][\/et_pb_column][et_pb_column type=&#8221;2_3&#8243; _builder_version=&#8221;3.12.2&#8243;][et_pb_text _builder_version=&#8221;3.12.2&#8243; text_font=&#8221;||||||||&#8221; text_text_color=&#8221;#5a5a5a&#8221; header_font=&#8221;|300|||||||&#8221; header_text_align=&#8221;left&#8221; header_text_color=&#8221;#cc1331&#8243; header_2_font=&#8221;|300|||||||&#8221; header_2_text_align=&#8221;left&#8221; header_2_text_color=&#8221;#cc1331&#8243; header_2_font_size=&#8221;40px&#8221; header_2_line_height=&#8221;1.4em&#8221; header_3_font=&#8221;||||||||&#8221; header_3_text_color=&#8221;#919191&#8243; header_3_font_size=&#8221;18px&#8221;]<\/p>\n<h2>Red Topaz(s)<\/h2>\n<h3>INHABER: <span>Malus Bunda<\/span><\/h3>\n<p>&nbsp;<\/p>\n<p><strong>ABSTAMMUNG:<\/strong> <span>Mutante von Topaz (Rubin x Vanda).<\/span><\/p>\n<p>[\/et_pb_text][et_pb_button button_url=&#8221;\/wp-content\/uploads\/epoca_di_raccolta_fruitplant.pdf&#8221; url_new_window=&#8221;on&#8221; button_text=&#8221;REIFEZEIT APFELSORTEN&#8221; button_alignment=&#8221;left&#8221; _builder_version=&#8221;3.16&#8243; custom_button=&#8221;on&#8221; button_text_size=&#8221;18px&#8221; button_text_color=&#8221;#cc1331&#8243; button_bg_color=&#8221;#ffffff&#8221; button_border_width=&#8221;2px&#8221; button_border_color=&#8221;#e4e4e4&#8243; button_border_radius=&#8221;0px&#8221; button_letter_spacing=&#8221;1px&#8221; button_font=&#8221;|||on|||||&#8221; button_icon=&#8221;%%370%%&#8221; button_icon_placement=&#8221;left&#8221; button_on_hover=&#8221;off&#8221; button_text_color_hover=&#8221;#cc1331&#8243; button_letter_spacing_hover=&#8221;0&#8243; button_bg_color_hover=&#8221;#e4e4e4&#8243; saved_tabs=&#8221;all&#8221; button_text_size__hover_enabled=&#8221;off&#8221; button_one_text_size__hover_enabled=&#8221;off&#8221; button_two_text_size__hover_enabled=&#8221;off&#8221; button_text_color__hover_enabled=&#8221;on&#8221; button_text_color__hover=&#8221;#cc1331&#8243; button_one_text_color__hover_enabled=&#8221;off&#8221; button_two_text_color__hover_enabled=&#8221;off&#8221; button_border_width__hover_enabled=&#8221;off&#8221; button_one_border_width__hover_enabled=&#8221;off&#8221; button_two_border_width__hover_enabled=&#8221;off&#8221; button_border_color__hover_enabled=&#8221;off&#8221; button_one_border_color__hover_enabled=&#8221;off&#8221; button_two_border_color__hover_enabled=&#8221;off&#8221; button_border_radius__hover_enabled=&#8221;off&#8221; button_one_border_radius__hover_enabled=&#8221;off&#8221; button_two_border_radius__hover_enabled=&#8221;off&#8221; button_letter_spacing__hover_enabled=&#8221;on&#8221; button_letter_spacing__hover=&#8221;0&#8243; button_one_letter_spacing__hover_enabled=&#8221;off&#8221; button_two_letter_spacing__hover_enabled=&#8221;off&#8221; button_bg_color__hover_enabled=&#8221;on&#8221; button_bg_color__hover=&#8221;#e4e4e4&#8243; button_one_bg_color__hover_enabled=&#8221;off&#8221; button_two_bg_color__hover_enabled=&#8221;off&#8221;][\/et_pb_button][\/et_pb_column][\/et_pb_row][et_pb_row _builder_version=&#8221;3.12.2&#8243;][et_pb_column type=&#8221;4_4&#8243; _builder_version=&#8221;3.12.2&#8243;][et_pb_divider _builder_version=&#8221;3.12.2&#8243;][\/et_pb_divider][\/et_pb_column][\/et_pb_row][et_pb_row use_custom_gutter=&#8221;on&#8221; gutter_width=&#8221;2&#8243; custom_padding=&#8221;0|0px|27px|0px|false|false&#8221; _builder_version=&#8221;3.12.2&#8243;][et_pb_column type=&#8221;1_3&#8243; _builder_version=&#8221;3.12.2&#8243;][et_pb_blurb title=&#8221;Fruchte&#8221; image=&#8221;https:\/\/feno.it\/wp-content\/uploads\/feno-ico-4.png&#8221; icon_placement=&#8221;left&#8221; image_max_width=&#8221;60%&#8221; _builder_version=&#8221;3.12.2&#8243; header_font=&#8221;||||||||&#8221; header_text_align=&#8221;left&#8221; header_text_color=&#8221;#5a5a5a&#8221; header_font_size=&#8221;20px&#8221; header_line_height=&#8221;1.4em&#8221; body_font=&#8221;||||||||&#8221; animation_style=&#8221;zoom&#8221; animation_direction=&#8221;bottom&#8221; animation_speed_curve=&#8221;linear&#8221;]<\/p>\n<p><strong><span>Farbe<\/span><\/strong><span>: gelborange Grundfarbe, rot gestreifte Deckfarbe, gute Ausf\u00e4rbung. <br \/><\/span><strong><span>Geschmack: <\/span><\/strong><span>aromatisch, s\u00e4uerlich.<br \/><\/span><strong><span>Form\/Gr\u00f6\u00dfe: <\/span><\/strong><span>mittelgro\u00df, abgeplattet kugelf\u00f6rmig.<br \/><\/span><strong><span>Schale: <\/span><\/strong><span>glatt, leicht fettig, berostet an der Stilgrube gerne.<br \/><\/span><strong><span>Fruchtfleisch: <\/span><\/strong><span>fest, fein, saftig.<\/span><\/p>\n<p>[\/et_pb_blurb][\/et_pb_column][et_pb_column type=&#8221;1_3&#8243; _builder_version=&#8221;3.12.2&#8243;][et_pb_blurb title=&#8221;Baum&#8221; image=&#8221;https:\/\/feno.it\/wp-content\/uploads\/feno-ico-3.png&#8221; icon_placement=&#8221;left&#8221; image_max_width=&#8221;60%&#8221; _builder_version=&#8221;3.12.2&#8243; header_font=&#8221;||||||||&#8221; header_text_align=&#8221;left&#8221; header_text_color=&#8221;#5a5a5a&#8221; header_font_size=&#8221;20px&#8221; header_line_height=&#8221;1.4em&#8221; body_font=&#8221;||||||||&#8221; animation_style=&#8221;zoom&#8221; animation_direction=&#8221;bottom&#8221; animation_speed_curve=&#8221;linear&#8221;]<\/p>\n<p><strong><span>Wuchs<\/span><\/strong><span>: mittelstark, kompakt, verzweigt wenig, garniert gut<br \/><\/span><strong><span>Bl\u00fcte<\/span><\/strong><span>: mittelfr\u00fche Bl\u00fcte.<br \/><\/span><strong><span>Befruchter:<\/span><\/strong><span>: Florina, Alkmene.<\/span><\/p>\n<p>[\/et_pb_blurb][\/et_pb_column][et_pb_column type=&#8221;1_3&#8243; _builder_version=&#8221;3.12.2&#8243;][et_pb_blurb title=&#8221;Merkmale&#8221; image=&#8221;https:\/\/feno.it\/wp-content\/uploads\/feno-ico-2.png&#8221; icon_placement=&#8221;left&#8221; image_max_width=&#8221;60%&#8221; _builder_version=&#8221;3.12.2&#8243; header_font=&#8221;||||||||&#8221; header_text_align=&#8221;left&#8221; header_text_color=&#8221;#5a5a5a&#8221; header_font_size=&#8221;20px&#8221; header_line_height=&#8221;1.4em&#8221; body_font=&#8221;||||||||&#8221; animation_style=&#8221;zoom&#8221; animation_direction=&#8221;bottom&#8221; animation_speed_curve=&#8221;linear&#8221;]<\/p>\n<p><span>Gute Ausf\u00e4rbung, schorfresistent, sehr gute regelm\u00e4\u00dfige Ertr\u00e4ge, fr\u00fcher Ertragseintritt, anf\u00e4llig auf Kragenf\u00e4ule (Zwischenveredelung notwendig).<\/span><\/p>\n<p>[\/et_pb_blurb][\/et_pb_column][\/et_pb_row][et_pb_row _builder_version=&#8221;3.12.2&#8243;][et_pb_column type=&#8221;4_4&#8243; _builder_version=&#8221;3.12.2&#8243;][et_pb_divider _builder_version=&#8221;3.12.2&#8243;][\/et_pb_divider][\/et_pb_column][\/et_pb_row][\/et_pb_section][et_pb_section fb_built=&#8221;1&#8243; _builder_version=&#8221;3.21.3&#8243; use_background_color_gradient=&#8221;on&#8221; background_color_gradient_start=&#8221;rgba(255,255,255,0.8)&#8221; background_color_gradient_end=&#8221;rgba(255,255,255,0)&#8221; background_color_gradient_overlays_image=&#8221;on&#8221; background_image=&#8221;https:\/\/feno.it\/wp-content\/uploads\/varieta-bg-3.jpg&#8221; border_width_top=&#8221;29px&#8221; border_color_top=&#8221;#e4e4e4&#8243; custom_padding=&#8221;110px|0px|110px|0px|true|false&#8221;][et_pb_row _builder_version=&#8221;3.12.2&#8243;][et_pb_column type=&#8221;4_4&#8243; _builder_version=&#8221;3.12.2&#8243;][et_pb_text _builder_version=&#8221;3.21.3&#8243; text_font=&#8221;||||||||&#8221; text_text_color=&#8221;#5a5a5a&#8221; header_font=&#8221;|300|||||||&#8221; header_text_align=&#8221;center&#8221; header_text_color=&#8221;#cc1331&#8243; header_2_font=&#8221;|300|||||||&#8221; header_2_text_align=&#8221;center&#8221; header_2_text_color=&#8221;#cc1331&#8243; header_2_font_size=&#8221;40px&#8221; header_2_line_height=&#8221;1.2em&#8221; header_3_font=&#8221;||||||||&#8221; header_3_text_color=&#8221;#5a5a5a&#8221; header_3_font_size=&#8221;20px&#8221; header_3_line_height=&#8221;1.4em&#8221; text_orientation=&#8221;center&#8221;]<\/p>\n<h2>Sorten\u00fcbersicht<\/h2>\n<h3>Feno-Z\u00fcchtungsprogramm<\/h3>\n<p>Das Feno-Z\u00fcchtungsprogramm umfasst ca. 1.000 Kreuzungen j\u00e4hrlich. Das Z\u00fcchtungsziel ist klar definiert: Gesucht wird eine Sorte mit guter Anbaueignung, konsumentengerechten Eigenschaften und einem hohen Wiedererkennungswert.<\/p>\n<p>[\/et_pb_text][et_pb_button button_url=&#8221;\/de\/apfelsorte\/&#8221; button_text=&#8221;ALLES SEHEN&#8221; button_alignment=&#8221;center&#8221; _builder_version=&#8221;3.21.3&#8243; custom_button=&#8221;on&#8221; button_text_size=&#8221;18px&#8221; button_text_color=&#8221;#cc1331&#8243; button_bg_color=&#8221;#ffffff&#8221; button_border_width=&#8221;2px&#8221; button_border_color=&#8221;rgba(0,0,0,0)&#8221; button_border_radius=&#8221;0px&#8221; button_letter_spacing=&#8221;1px&#8221; button_font=&#8221;|||on|||||&#8221; button_use_icon=&#8221;off&#8221; button_text_color_hover=&#8221;#cc1331&#8243; button_bg_color_hover=&#8221;#e4e4e4&#8243; button_text_size__hover_enabled=&#8221;off&#8221; button_one_text_size__hover_enabled=&#8221;off&#8221; button_two_text_size__hover_enabled=&#8221;off&#8221; button_text_color__hover_enabled=&#8221;on&#8221; button_text_color__hover=&#8221;#cc1331&#8243; button_one_text_color__hover_enabled=&#8221;off&#8221; button_two_text_color__hover_enabled=&#8221;off&#8221; button_border_width__hover_enabled=&#8221;off&#8221; button_one_border_width__hover_enabled=&#8221;off&#8221; button_two_border_width__hover_enabled=&#8221;off&#8221; button_border_color__hover_enabled=&#8221;off&#8221; button_one_border_color__hover_enabled=&#8221;off&#8221; button_two_border_color__hover_enabled=&#8221;off&#8221; button_border_radius__hover_enabled=&#8221;off&#8221; button_one_border_radius__hover_enabled=&#8221;off&#8221; button_two_border_radius__hover_enabled=&#8221;off&#8221; button_letter_spacing__hover_enabled=&#8221;off&#8221; button_one_letter_spacing__hover_enabled=&#8221;off&#8221; button_two_letter_spacing__hover_enabled=&#8221;off&#8221; button_bg_color__hover_enabled=&#8221;on&#8221; button_bg_color__hover=&#8221;#e4e4e4&#8243; button_one_bg_color__hover_enabled=&#8221;off&#8221; button_two_bg_color__hover_enabled=&#8221;off&#8221;][\/et_pb_button][\/et_pb_column][\/et_pb_row][\/et_pb_section]<\/p>\n","protected":false},"excerpt":{"rendered":"<p>SchorfresistentTramin(s) INHABER: Feno\u00ae GmbH &nbsp; ABSTAMMUNG: Tramin (s) ist eine Kreuzung von Christoph Kaneppele, entstanden in den 90er Jahren in Tramin, S\u00fcdtirol.Farbe: gelbe Grundfarbe, rote Deckfarbe mit feiner Streifung.Geschmack: s\u00fc\u00df mit feiner S\u00e4ure, sehr aromatisch, erinnert an Gew\u00fcrztraminer Wein.Form\/Gr\u00f6\u00dfe: kugelig bis platt. Schale: glattFruchtfleisch: sehr knackig, saftig.Wuchs: schwach bis mittelstark.Schorfresistent, gute Haltbarkeit, guter j\u00e4hrlicher Fruchtansatz, [&hellip;]<\/p>\n","protected":false},"author":1,"featured_media":0,"parent":0,"menu_order":0,"comment_status":"closed","ping_status":"closed","template":"","meta":{"_et_pb_use_builder":"on","_et_pb_old_content":"","_et_gb_content_width":"","footnotes":""},"class_list":["post-1954","page","type-page","status-publish","hentry"],"_links":{"self":[{"href":"https:\/\/www.feno.it\/de\/wp-json\/wp\/v2\/pages\/1954","targetHints":{"allow":["GET"]}}],"collection":[{"href":"https:\/\/www.feno.it\/de\/wp-json\/wp\/v2\/pages"}],"about":[{"href":"https:\/\/www.feno.it\/de\/wp-json\/wp\/v2\/types\/page"}],"author":[{"embeddable":true,"href":"https:\/\/www.feno.it\/de\/wp-json\/wp\/v2\/users\/1"}],"replies":[{"embeddable":true,"href":"https:\/\/www.feno.it\/de\/wp-json\/wp\/v2\/comments?post=1954"}],"version-history":[{"count":0,"href":"https:\/\/www.feno.it\/de\/wp-json\/wp\/v2\/pages\/1954\/revisions"}],"wp:attachment":[{"href":"https:\/\/www.feno.it\/de\/wp-json\/wp\/v2\/media?parent=1954"}],"curies":[{"name":"wp","href":"https:\/\/api.w.org\/{rel}","templated":true}]}}