{"id":1942,"date":"2019-04-05T08:05:44","date_gmt":"2019-04-05T08:05:44","guid":{"rendered":"https:\/\/feno.it\/sorten-unter-beobachtung\/"},"modified":"2019-04-08T08:06:44","modified_gmt":"2019-04-08T08:06:44","slug":"sorten-unter-beobachtung","status":"publish","type":"page","link":"https:\/\/www.feno.it\/de\/sorten-unter-beobachtung\/","title":{"rendered":"Sorten unter Beobachtung"},"content":{"rendered":"<p>[et_pb_section fb_built=&#8221;1&#8243; _builder_version=&#8221;3.12.2&#8243; background_color=&#8221;#e4e4e4&#8243; use_background_color_gradient=&#8221;on&#8221; background_color_gradient_start=&#8221;#e4e4e4&#8243; background_color_gradient_end=&#8221;rgba(255,255,255,0.02)&#8221; background_color_gradient_direction=&#8221;66deg&#8221; background_color_gradient_start_position=&#8221;20%&#8221; background_color_gradient_end_position=&#8221;70%&#8221; background_color_gradient_overlays_image=&#8221;on&#8221; background_image=&#8221;https:\/\/feno.it\/wp-content\/uploads\/10-header-sotto-osservazione.jpg&#8221; border_color_all=&#8221;#e4e4e4&#8243; custom_padding=&#8221;110px|0px|110px|0px|true|false&#8221;][et_pb_row _builder_version=&#8221;3.12.2&#8243;][et_pb_column type=&#8221;1_2&#8243; _builder_version=&#8221;3.12.2&#8243;][et_pb_text _builder_version=&#8221;3.21.3&#8243; text_font=&#8221;||||||||&#8221; text_text_color=&#8221;#5a5a5a&#8221; header_font=&#8221;|300|||||||&#8221; header_text_align=&#8221;left&#8221; header_text_color=&#8221;#cc1331&#8243; header_font_size=&#8221;60px&#8221; header_font_size_phone=&#8221;45px&#8221; header_font_size_last_edited=&#8221;on|phone&#8221; header_2_font=&#8221;||||||||&#8221; header_2_text_color=&#8221;#5a5a5a&#8221; header_2_font_size=&#8221;20px&#8221; header_2_line_height=&#8221;1.4em&#8221;]<\/p>\n<h1>Sorten unter Beobachtung<\/h1>\n<h2>Feno-Z\u00fcchtungsprogramm<\/h2>\n<p>[\/et_pb_text][\/et_pb_column][et_pb_column type=&#8221;1_2&#8243; _builder_version=&#8221;3.12.2&#8243;][\/et_pb_column][\/et_pb_row][\/et_pb_section][et_pb_section fb_built=&#8221;1&#8243; _builder_version=&#8221;3.12.2&#8243; background_color=&#8221;#e4e4e4&#8243; custom_padding=&#8221;45px|0px|45px|0px|false|false&#8221;][et_pb_row custom_padding=&#8221;27px|0px|0|0px|false|false&#8221; _builder_version=&#8221;3.12.2&#8243;][et_pb_column type=&#8221;4_4&#8243; _builder_version=&#8221;3.12.2&#8243;][et_pb_text _builder_version=&#8221;3.12.2&#8243;]Die Feno GmbH, welche sich im Besitz der Fruitplant-Mitglieder befindet, f\u00fchrt ein eigenes Z\u00fcchtungsprogramm dem j\u00e4hrlich etwa 1000 S\u00e4mlinge entspringen. Die vielversprechendsten Kreuzungsnummern werden genauestens auf ihre Anbaueignung und Vermarktungsf\u00e4higkeit gepr\u00fcft um ihr zuk\u00fcnftiges Potenzial absch\u00e4tzen zu k\u00f6nnen. Die n\u00f6tigen Sortentests werden in betriebseigenen Testfeldern aber auch unter kommerziellen Bedingungen bei Partnerbetrieben durchgef\u00fchrt. Bei Interesse stehen genauere Informationen sowie Testb\u00e4ume von den folgenden Sorten zur Verf\u00fcgung.[\/et_pb_text][\/et_pb_column][\/et_pb_row][\/et_pb_section][et_pb_section fb_built=&#8221;1&#8243; _builder_version=&#8221;3.21.3&#8243; border_width_all=&#8221;29px&#8221; border_color_all=&#8221;#e4e4e4&#8243; border_width_right=&#8221;0px&#8221; border_width_left=&#8221;0px&#8221;][et_pb_row _builder_version=&#8221;3.12.2&#8243;][et_pb_column type=&#8221;4_4&#8243; _builder_version=&#8221;3.12.2&#8243;][et_pb_text _builder_version=&#8221;3.12.2&#8243; text_font=&#8221;||||||||&#8221; text_text_color=&#8221;#5a5a5a&#8221; header_font=&#8221;|300|||||||&#8221; header_text_align=&#8221;left&#8221; header_text_color=&#8221;#cc1331&#8243; header_2_font=&#8221;||||||||&#8221; header_2_text_align=&#8221;left&#8221; header_2_text_color=&#8221;#5a5a5a&#8221; header_2_font_size=&#8221;20px&#8221; header_2_line_height=&#8221;1.4em&#8221; header_3_font=&#8221;|300|||||||&#8221; header_3_text_color=&#8221;#cc1331&#8243; header_3_font_size=&#8221;40px&#8221;]<\/p>\n<h3>GxP2<\/h3>\n<p>[\/et_pb_text][\/et_pb_column][\/et_pb_row][et_pb_row use_custom_gutter=&#8221;on&#8221; gutter_width=&#8221;2&#8243; _builder_version=&#8221;3.12.2&#8243;][et_pb_column type=&#8221;4_4&#8243; _builder_version=&#8221;3.12.2&#8243;][et_pb_gallery gallery_ids=&#8221;1204,1198,1200,1202&#8243; orientation=&#8221;portrait&#8221; show_title_and_caption=&#8221;off&#8221; show_pagination=&#8221;off&#8221; _builder_version=&#8221;3.12.2&#8243;][\/et_pb_gallery][\/et_pb_column][\/et_pb_row][\/et_pb_section][et_pb_section fb_built=&#8221;1&#8243; _builder_version=&#8221;3.21.3&#8243; border_width_all=&#8221;29px&#8221; border_color_all=&#8221;#e4e4e4&#8243; border_width_top=&#8221;0px&#8221; border_width_right=&#8221;0px&#8221; border_width_left=&#8221;0px&#8221;][et_pb_row _builder_version=&#8221;3.12.2&#8243;][et_pb_column type=&#8221;4_4&#8243; _builder_version=&#8221;3.12.2&#8243;][et_pb_text _builder_version=&#8221;3.12.2&#8243; text_font=&#8221;||||||||&#8221; text_text_color=&#8221;#5a5a5a&#8221; header_font=&#8221;|300|||||||&#8221; header_text_align=&#8221;left&#8221; header_text_color=&#8221;#cc1331&#8243; header_2_font=&#8221;||||||||&#8221; header_2_text_align=&#8221;left&#8221; header_2_text_color=&#8221;#5a5a5a&#8221; header_2_font_size=&#8221;20px&#8221; header_2_line_height=&#8221;1.4em&#8221; header_3_font=&#8221;|300|||||||&#8221; header_3_text_color=&#8221;#cc1331&#8243; header_3_font_size=&#8221;40px&#8221;]<\/p>\n<h3>GxP3<\/h3>\n<p>[\/et_pb_text][\/et_pb_column][\/et_pb_row][et_pb_row use_custom_gutter=&#8221;on&#8221; gutter_width=&#8221;2&#8243; _builder_version=&#8221;3.12.2&#8243;][et_pb_column type=&#8221;4_4&#8243; _builder_version=&#8221;3.12.2&#8243;][et_pb_gallery gallery_ids=&#8221;1225,1227,1229,1231&#8243; orientation=&#8221;portrait&#8221; show_title_and_caption=&#8221;off&#8221; show_pagination=&#8221;off&#8221; _builder_version=&#8221;3.12.2&#8243;][\/et_pb_gallery][\/et_pb_column][\/et_pb_row][\/et_pb_section][et_pb_section fb_built=&#8221;1&#8243; _builder_version=&#8221;3.21.3&#8243; border_width_all=&#8221;29px&#8221; border_color_all=&#8221;#e4e4e4&#8243; border_width_top=&#8221;0px&#8221; border_width_right=&#8221;0px&#8221; border_width_left=&#8221;0px&#8221;][et_pb_row _builder_version=&#8221;3.12.2&#8243;][et_pb_column type=&#8221;4_4&#8243; _builder_version=&#8221;3.12.2&#8243;][et_pb_text _builder_version=&#8221;3.12.2&#8243; text_font=&#8221;||||||||&#8221; text_text_color=&#8221;#5a5a5a&#8221; header_font=&#8221;|300|||||||&#8221; header_text_align=&#8221;left&#8221; header_text_color=&#8221;#cc1331&#8243; header_2_font=&#8221;||||||||&#8221; header_2_text_align=&#8221;left&#8221; header_2_text_color=&#8221;#5a5a5a&#8221; header_2_font_size=&#8221;20px&#8221; header_2_line_height=&#8221;1.4em&#8221; header_3_font=&#8221;|300|||||||&#8221; header_3_text_color=&#8221;#cc1331&#8243; header_3_font_size=&#8221;40px&#8221;]<\/p>\n<h3>Fuji x Pinova<\/h3>\n<p>[\/et_pb_text][\/et_pb_column][\/et_pb_row][et_pb_row use_custom_gutter=&#8221;on&#8221; gutter_width=&#8221;2&#8243; _builder_version=&#8221;3.12.2&#8243;][et_pb_column type=&#8221;4_4&#8243; _builder_version=&#8221;3.12.2&#8243;][et_pb_gallery gallery_ids=&#8221;1235,1237,1239,1241&#8243; orientation=&#8221;portrait&#8221; show_title_and_caption=&#8221;off&#8221; show_pagination=&#8221;off&#8221; _builder_version=&#8221;3.12.2&#8243;][\/et_pb_gallery][\/et_pb_column][\/et_pb_row][\/et_pb_section][et_pb_section fb_built=&#8221;1&#8243; _builder_version=&#8221;3.21.3&#8243; border_width_all=&#8221;29px&#8221; border_color_all=&#8221;#e4e4e4&#8243; border_width_top=&#8221;0px&#8221; border_width_right=&#8221;0px&#8221; border_width_bottom=&#8221;0px&#8221; border_width_left=&#8221;0px&#8221;][et_pb_row _builder_version=&#8221;3.12.2&#8243;][et_pb_column type=&#8221;4_4&#8243; _builder_version=&#8221;3.12.2&#8243;][et_pb_text _builder_version=&#8221;3.12.2&#8243; text_font=&#8221;||||||||&#8221; text_text_color=&#8221;#5a5a5a&#8221; header_font=&#8221;|300|||||||&#8221; header_text_align=&#8221;left&#8221; header_text_color=&#8221;#cc1331&#8243; header_2_font=&#8221;||||||||&#8221; header_2_text_align=&#8221;left&#8221; header_2_text_color=&#8221;#5a5a5a&#8221; header_2_font_size=&#8221;20px&#8221; header_2_line_height=&#8221;1.4em&#8221; header_3_font=&#8221;|300|||||||&#8221; header_3_text_color=&#8221;#cc1331&#8243; header_3_font_size=&#8221;40px&#8221;]<\/p>\n<h3>Breaburn x Pinova<\/h3>\n<p>[\/et_pb_text][\/et_pb_column][\/et_pb_row][et_pb_row use_custom_gutter=&#8221;on&#8221; gutter_width=&#8221;2&#8243; _builder_version=&#8221;3.12.2&#8243;][et_pb_column type=&#8221;4_4&#8243; _builder_version=&#8221;3.12.2&#8243;][et_pb_gallery gallery_ids=&#8221;1245,1247,1249&#8243; orientation=&#8221;portrait&#8221; show_title_and_caption=&#8221;off&#8221; show_pagination=&#8221;off&#8221; _builder_version=&#8221;3.12.2&#8243;][\/et_pb_gallery][\/et_pb_column][\/et_pb_row][\/et_pb_section][et_pb_section fb_built=&#8221;1&#8243; _builder_version=&#8221;3.21.3&#8243; use_background_color_gradient=&#8221;on&#8221; background_color_gradient_start=&#8221;rgba(255,255,255,0.8)&#8221; background_color_gradient_end=&#8221;rgba(255,255,255,0)&#8221; background_color_gradient_overlays_image=&#8221;on&#8221; background_image=&#8221;https:\/\/feno.it\/wp-content\/uploads\/varieta-bg-3.jpg&#8221; border_width_top=&#8221;29px&#8221; border_color_top=&#8221;#e4e4e4&#8243; custom_padding=&#8221;110px|0px|110px|0px|true|false&#8221;][et_pb_row _builder_version=&#8221;3.12.2&#8243;][et_pb_column type=&#8221;4_4&#8243; _builder_version=&#8221;3.12.2&#8243;][et_pb_text _builder_version=&#8221;3.12.2&#8243; text_font=&#8221;||||||||&#8221; text_text_color=&#8221;#5a5a5a&#8221; header_font=&#8221;|300|||||||&#8221; header_text_align=&#8221;center&#8221; header_text_color=&#8221;#cc1331&#8243; header_2_font=&#8221;|300|||||||&#8221; header_2_text_align=&#8221;center&#8221; header_2_text_color=&#8221;#cc1331&#8243; header_2_font_size=&#8221;40px&#8221; header_2_line_height=&#8221;1.4em&#8221; header_3_font=&#8221;||||||||&#8221; header_3_text_color=&#8221;#5a5a5a&#8221; header_3_font_size=&#8221;20px&#8221; header_3_line_height=&#8221;1.4em&#8221; text_orientation=&#8221;center&#8221;]<\/p>\n<h2>Sorten\u00fcbersicht<\/h2>\n<h3>Feno-Z\u00fcchtungsprogramm<\/h3>\n<p>Das Feno-Z\u00fcchtungsprogramm umfasst ca. 1.000 Kreuzungen j\u00e4hrlich. Das Z\u00fcchtungsziel ist klar definiert: Gesucht wird eine Sorte mit guter Anbaueignung, konsumentengerechten Eigenschaften und einem hohen Wiedererkennungswert.\n<\/p>\n<p>[\/et_pb_text][et_pb_button button_url=&#8221;\/de\/apfelsorte\/&#8221; button_text=&#8221;ALLES SEHEN&#8221; button_alignment=&#8221;center&#8221; _builder_version=&#8221;3.21.3&#8243; custom_button=&#8221;on&#8221; button_text_size=&#8221;18px&#8221; button_text_color=&#8221;#cc1331&#8243; button_bg_color=&#8221;#ffffff&#8221; button_border_width=&#8221;2px&#8221; button_border_color=&#8221;rgba(0,0,0,0)&#8221; button_border_radius=&#8221;0px&#8221; button_letter_spacing=&#8221;1px&#8221; button_font=&#8221;|||on|||||&#8221; button_use_icon=&#8221;off&#8221; button_text_color_hover=&#8221;#cc1331&#8243; button_bg_color_hover=&#8221;#e4e4e4&#8243; button_text_size__hover_enabled=&#8221;off&#8221; button_one_text_size__hover_enabled=&#8221;off&#8221; button_two_text_size__hover_enabled=&#8221;off&#8221; button_text_color__hover_enabled=&#8221;on&#8221; button_text_color__hover=&#8221;#cc1331&#8243; button_one_text_color__hover_enabled=&#8221;off&#8221; button_two_text_color__hover_enabled=&#8221;off&#8221; button_border_width__hover_enabled=&#8221;off&#8221; button_one_border_width__hover_enabled=&#8221;off&#8221; button_two_border_width__hover_enabled=&#8221;off&#8221; button_border_color__hover_enabled=&#8221;off&#8221; button_one_border_color__hover_enabled=&#8221;off&#8221; button_two_border_color__hover_enabled=&#8221;off&#8221; button_border_radius__hover_enabled=&#8221;off&#8221; button_one_border_radius__hover_enabled=&#8221;off&#8221; button_two_border_radius__hover_enabled=&#8221;off&#8221; button_letter_spacing__hover_enabled=&#8221;off&#8221; button_one_letter_spacing__hover_enabled=&#8221;off&#8221; button_two_letter_spacing__hover_enabled=&#8221;off&#8221; button_bg_color__hover_enabled=&#8221;on&#8221; button_bg_color__hover=&#8221;#e4e4e4&#8243; button_one_bg_color__hover_enabled=&#8221;off&#8221; button_two_bg_color__hover_enabled=&#8221;off&#8221;][\/et_pb_button][\/et_pb_column][\/et_pb_row][\/et_pb_section]<\/p>\n","protected":false},"excerpt":{"rendered":"<p>Sorten unter Beobachtung Feno-Z\u00fcchtungsprogrammDie Feno GmbH, welche sich im Besitz der Fruitplant-Mitglieder befindet, f\u00fchrt ein eigenes Z\u00fcchtungsprogramm dem j\u00e4hrlich etwa 1000 S\u00e4mlinge entspringen. Die vielversprechendsten Kreuzungsnummern werden genauestens auf ihre Anbaueignung und Vermarktungsf\u00e4higkeit gepr\u00fcft um ihr zuk\u00fcnftiges Potenzial absch\u00e4tzen zu k\u00f6nnen. Die n\u00f6tigen Sortentests werden in betriebseigenen Testfeldern aber auch unter kommerziellen Bedingungen bei Partnerbetrieben [&hellip;]<\/p>\n","protected":false},"author":1,"featured_media":0,"parent":0,"menu_order":0,"comment_status":"closed","ping_status":"closed","template":"","meta":{"_et_pb_use_builder":"on","_et_pb_old_content":"","_et_gb_content_width":"","footnotes":""},"class_list":["post-1942","page","type-page","status-publish","hentry"],"_links":{"self":[{"href":"https:\/\/www.feno.it\/de\/wp-json\/wp\/v2\/pages\/1942","targetHints":{"allow":["GET"]}}],"collection":[{"href":"https:\/\/www.feno.it\/de\/wp-json\/wp\/v2\/pages"}],"about":[{"href":"https:\/\/www.feno.it\/de\/wp-json\/wp\/v2\/types\/page"}],"author":[{"embeddable":true,"href":"https:\/\/www.feno.it\/de\/wp-json\/wp\/v2\/users\/1"}],"replies":[{"embeddable":true,"href":"https:\/\/www.feno.it\/de\/wp-json\/wp\/v2\/comments?post=1942"}],"version-history":[{"count":0,"href":"https:\/\/www.feno.it\/de\/wp-json\/wp\/v2\/pages\/1942\/revisions"}],"wp:attachment":[{"href":"https:\/\/www.feno.it\/de\/wp-json\/wp\/v2\/media?parent=1942"}],"curies":[{"name":"wp","href":"https:\/\/api.w.org\/{rel}","templated":true}]}}