{"id":1916,"date":"2019-04-04T09:47:50","date_gmt":"2019-04-04T09:47:50","guid":{"rendered":"https:\/\/feno.it\/unternehmens-und-unternehmensphilosophie\/"},"modified":"2024-11-11T14:43:30","modified_gmt":"2024-11-11T14:43:30","slug":"unternehmens-und-unternehmensphilosophie","status":"publish","type":"page","link":"https:\/\/www.feno.it\/de\/unternehmens-und-unternehmensphilosophie\/","title":{"rendered":"Unternehmen"},"content":{"rendered":"<p>[et_pb_section fb_built=&#8221;1&#8243; custom_padding_last_edited=&#8221;on|phone&#8221; _builder_version=&#8221;4.16&#8243; background_image=&#8221;https:\/\/feno.it\/wp-content\/uploads\/header-interna.jpg&#8221; custom_padding=&#8221;101px|0|100px|0px|false|false&#8221; custom_padding_tablet=&#8221;&#8221; custom_padding_phone=&#8221;30px||30px||false&#8221; global_colors_info=&#8221;{}&#8221;][et_pb_row _builder_version=&#8221;4.16&#8243; global_colors_info=&#8221;{}&#8221;][et_pb_column type=&#8221;4_4&#8243; _builder_version=&#8221;4.16&#8243; custom_padding=&#8221;|||&#8221; global_colors_info=&#8221;{}&#8221; custom_padding__hover=&#8221;|||&#8221;][et_pb_text _builder_version=&#8221;4.16&#8243; text_font=&#8221;||||||||&#8221; text_text_color=&#8221;#5a5a5a&#8221; header_font=&#8221;|300|||||||&#8221; header_text_align=&#8221;left&#8221; header_text_color=&#8221;#cc1331&#8243; header_font_size=&#8221;60px&#8221; header_2_font=&#8221;||||||||&#8221; header_2_text_color=&#8221;#5a5a5a&#8221; header_2_font_size=&#8221;20px&#8221; header_2_line_height=&#8221;1.4em&#8221; header_font_size_tablet=&#8221;&#8221; header_font_size_phone=&#8221;44px&#8221; header_font_size_last_edited=&#8221;on|phone&#8221; global_colors_info=&#8221;{}&#8221;]<\/p>\n<h1>Unternehmens- und Unternehmensphilosophie<\/h1>\n<p>[\/et_pb_text][\/et_pb_column][\/et_pb_row][\/et_pb_section][et_pb_section fb_built=&#8221;1&#8243; custom_padding_last_edited=&#8221;on|desktop&#8221; _builder_version=&#8221;4.16&#8243; custom_padding=&#8221;70px|0px|70px|0px|false|false&#8221; custom_padding_tablet=&#8221;&#8221; custom_padding_phone=&#8221;40px||40px||true&#8221; global_colors_info=&#8221;{}&#8221;][et_pb_row _builder_version=&#8221;4.16&#8243; global_colors_info=&#8221;{}&#8221; column_structure=&#8221;3_4,1_4&#8243;][et_pb_column type=&#8221;3_4&#8243; _builder_version=&#8221;4.16&#8243; custom_padding=&#8221;|||&#8221; global_colors_info=&#8221;{}&#8221; custom_padding__hover=&#8221;|||&#8221;][et_pb_text _builder_version=&#8221;4.16&#8243; text_font=&#8221;||||||||&#8221; text_text_color=&#8221;#5a5a5a&#8221; header_font=&#8221;|300|||||||&#8221; header_text_align=&#8221;left&#8221; header_text_color=&#8221;#cc1331&#8243; header_2_font=&#8221;||||||||&#8221; header_2_text_color=&#8221;#5a5a5a&#8221; header_2_font_size=&#8221;20px&#8221; header_2_line_height=&#8221;1.4em&#8221; global_colors_info=&#8221;{}&#8221;]<\/p>\n<h1>Das Unternehmen<\/h1>\n<p>Feno GmbH wurde im Jahr 1999 von 5 ambitionierten Baumschulern gegr\u00fcndet.<br \/>\nDer Name steht f\u00fcr F\u00f6rderung und Entwicklung Neuer Obstsorten.<br \/>\nMit der Gr\u00fcndung von Feno hat man auf die Notwendigkeit reagiert den stark ver\u00e4nderten Umst\u00e4nden, sowohl was die Regelungen bzw. Vorschriften f\u00fcr das Baumschulwesen betrifft, als auch was die g\u00e4nzlich neuen Entwicklungen im Bereich des Sorten- und Markenschutz betrifft, gerecht zu werden.<\/p>\n<p>Feno ist Mitglied von CIVI Italia: der nationalen Organisation der Baumschuler f\u00fcr Qualit\u00e4t und Produktion von zertifiziertem Vermehrungsmaterial von Obst-, Zitrus-, Erdbeer-, Oliven- und Gartenpflanzen.<\/p>\n<p>[\/et_pb_text][\/et_pb_column][et_pb_column type=&#8221;1_4&#8243; _builder_version=&#8221;4.16&#8243; custom_padding=&#8221;|||&#8221; global_colors_info=&#8221;{}&#8221; custom_padding__hover=&#8221;|||&#8221;][et_pb_image src=&#8221;https:\/\/feno.it\/wp-content\/uploads\/civi.jpg&#8221; align=&#8221;right&#8221; align_tablet=&#8221;center&#8221; align_last_edited=&#8221;on|desktop&#8221; _builder_version=&#8221;4.16&#8243; global_colors_info=&#8221;{}&#8221; align_phone=&#8221;center&#8221;][\/et_pb_image][\/et_pb_column][\/et_pb_row][\/et_pb_section][et_pb_section fb_built=&#8221;1&#8243; _builder_version=&#8221;4.16&#8243; custom_padding=&#8221;0|0px|0|0px|true|false&#8221; global_colors_info=&#8221;{}&#8221;][et_pb_row use_custom_gutter=&#8221;on&#8221; gutter_width=&#8221;1&#8243; make_equal=&#8221;on&#8221; module_class=&#8221; et_pb_row_fullwidth&#8221; _builder_version=&#8221;4.16&#8243; background_color=&#8221;#e4e4e4&#8243; width=&#8221;100%&#8221; width_tablet=&#8221;100%&#8221; width_last_edited=&#8221;on|desktop&#8221; max_width=&#8221;100%&#8221; max_width_tablet=&#8221;100%&#8221; max_width_last_edited=&#8221;on|desktop&#8221; custom_padding=&#8221;0|0px|0|0px|false|false&#8221; make_fullwidth=&#8221;on&#8221; global_colors_info=&#8221;{}&#8221; column_structure=&#8221;1_2,1_2&#8243; width_phone=&#8221;100%&#8221; max_width_phone=&#8221;100%&#8221;][et_pb_column type=&#8221;1_2&#8243; _builder_version=&#8221;4.16&#8243; background_image=&#8221;https:\/\/feno.it\/wp-content\/uploads\/05-feno-join-venures.jpg&#8221; custom_padding=&#8221;130px||130px|&#8221; custom_padding_phone=&#8221;40px||40px||true&#8221; custom_padding_last_edited=&#8221;on|phone&#8221; global_colors_info=&#8221;{}&#8221; padding_phone=&#8221;40px||40px||true&#8221; padding_last_edited=&#8221;on|phone&#8221; custom_padding__hover=&#8221;|||&#8221; custom_padding_tablet=&#8221;130px||130px|&#8221;][\/et_pb_column][et_pb_column type=&#8221;1_2&#8243; _builder_version=&#8221;4.16&#8243; custom_padding=&#8221;130px|80px|130px|80px&#8221; custom_padding_phone=&#8221;60px|40px|60px|40px|true|true&#8221; custom_padding_last_edited=&#8221;on|desktop&#8221; global_colors_info=&#8221;{}&#8221; padding_phone=&#8221;60px|40px|60px|40px|true|true&#8221; padding_last_edited=&#8221;on|desktop&#8221; custom_padding__hover=&#8221;|||&#8221; custom_padding_tablet=&#8221;130px|80px|130px|80px&#8221;][et_pb_text _builder_version=&#8221;4.16&#8243; text_font=&#8221;||||||||&#8221; text_text_color=&#8221;#5a5a5a&#8221; header_font=&#8221;|300|||||||&#8221; header_text_align=&#8221;left&#8221; header_text_color=&#8221;#cc1331&#8243; header_2_font=&#8221;||||||||&#8221; header_2_text_color=&#8221;#5a5a5a&#8221; header_2_font_size=&#8221;20px&#8221; header_2_line_height=&#8221;1.4em&#8221; global_colors_info=&#8221;{}&#8221;]<\/p>\n<h1>Firmenphilosophie<\/h1>\n<p>Wir sind bestimmt nicht der einzige Anbieter,<br \/>\nder gutes und gesundes Veredlungsmaterial anbieten kann,<br \/>\naber einer der Wenigen der ein ganzheitliches Konzept zur Verf\u00fcgung stellen kann.<br \/>\nMit dem Apfel als Schwerpunkt befasst sich Feno mit einem Produkt,<br \/>\nwelches eine einzigartige \u201eglobale&#8221; Bedeutung erlangt hat.<\/p>\n<p>Feno sieht sich als Bindeglied zwischen lokalen Baumschulen<br \/>\nund dem internationalen Business im Obstsektor.<br \/>\nDie bereits bestehenden internationalen Netzwerke er\u00f6ffnen neue Perspektive und untermauern dauerhafte Partnerschaften.<\/p>\n<p>[\/et_pb_text][\/et_pb_column][\/et_pb_row][\/et_pb_section][et_pb_section fb_built=&#8221;1&#8243; custom_padding_last_edited=&#8221;on|phone&#8221; _builder_version=&#8221;4.16&#8243; custom_padding=&#8221;88px|0px|55px|0px|false|false&#8221; custom_padding_tablet=&#8221;&#8221; custom_padding_phone=&#8221;60px|||&#8221; global_colors_info=&#8221;{}&#8221;][et_pb_row _builder_version=&#8221;4.16&#8243; custom_padding=&#8221;0|0px|0|0px|false|false&#8221; global_colors_info=&#8221;{}&#8221;][et_pb_column type=&#8221;4_4&#8243; _builder_version=&#8221;4.16&#8243; custom_padding=&#8221;|||&#8221; global_colors_info=&#8221;{}&#8221; custom_padding__hover=&#8221;|||&#8221;][et_pb_text _builder_version=&#8221;4.16&#8243; text_font=&#8221;||||||||&#8221; text_text_color=&#8221;#5a5a5a&#8221; header_font=&#8221;|300|||||||&#8221; header_text_align=&#8221;center&#8221; header_text_color=&#8221;#cc1331&#8243; header_2_font=&#8221;||||||||&#8221; header_2_text_color=&#8221;#5a5a5a&#8221; header_2_font_size=&#8221;20px&#8221; header_2_line_height=&#8221;1.4em&#8221; global_colors_info=&#8221;{}&#8221;]<\/p>\n<h1>Partners<\/h1>\n<p>[\/et_pb_text][\/et_pb_column][\/et_pb_row][\/et_pb_section][et_pb_section fb_built=&#8221;1&#8243; custom_padding_last_edited=&#8221;on|phone&#8221; _builder_version=&#8221;4.16&#8243; custom_padding=&#8221;0|0px|80px|0px|false|false&#8221; custom_padding_tablet=&#8221;&#8221; custom_padding_phone=&#8221;||60px&#8221; global_colors_info=&#8221;{}&#8221;][et_pb_row use_custom_gutter=&#8221;on&#8221; make_equal=&#8221;on&#8221; _builder_version=&#8221;4.16&#8243; custom_padding=&#8221;0|0px|27px|0px|false|false&#8221; global_colors_info=&#8221;{}&#8221; column_structure=&#8221;1_3,1_3,1_3&#8243;][et_pb_column type=&#8221;1_3&#8243; _builder_version=&#8221;4.16&#8243; custom_padding=&#8221;|||&#8221; global_colors_info=&#8221;{}&#8221; custom_padding__hover=&#8221;|||&#8221;][et_pb_blurb title=&#8221;Ernst Curti&#8221; image=&#8221;https:\/\/feno.it\/wp-content\/uploads\/socio-Ernst-Curti.jpg&#8221; image_icon_width=&#8221;80%&#8221; _builder_version=&#8221;4.16&#8243; header_level=&#8221;h2&#8243; header_font=&#8221;||||||||&#8221; header_text_align=&#8221;center&#8221; header_text_color=&#8221;#5a5a5a&#8221; header_font_size=&#8221;20px&#8221; header_line_height=&#8221;1.4em&#8221; body_font=&#8221;||||||||&#8221; body_text_align=&#8221;center&#8221; animation_style=&#8221;zoom&#8221; animation_direction=&#8221;bottom&#8221; animation_speed_curve=&#8221;linear&#8221; border_width_right=&#8221;1px&#8221; border_color_right=&#8221;rgba(0,0,0,0)&#8221; image_max_width=&#8221;80%&#8221; global_colors_info=&#8221;{}&#8221;]Verkauf \/ Gr\u00fcnder<\/p>\n<p>+39 335 7076451<br \/>\n<a href=\"mailto:curbri@hotmail.com\">curbri@hotmail.com<\/a>[\/et_pb_blurb][\/et_pb_column][et_pb_column type=&#8221;1_3&#8243; _builder_version=&#8221;4.16&#8243; custom_padding=&#8221;|||&#8221; global_colors_info=&#8221;{}&#8221; custom_padding__hover=&#8221;|||&#8221;][et_pb_blurb title=&#8221;Paul Rautscher&#8221; image=&#8221;https:\/\/feno.it\/wp-content\/uploads\/socio-Paul-Rautscher.jpg&#8221; image_icon_width=&#8221;80%&#8221; _builder_version=&#8221;4.16&#8243; header_level=&#8221;h2&#8243; header_font=&#8221;||||||||&#8221; header_text_align=&#8221;center&#8221; header_text_color=&#8221;#5a5a5a&#8221; header_font_size=&#8221;20px&#8221; header_line_height=&#8221;1.4em&#8221; body_font=&#8221;||||||||&#8221; body_text_align=&#8221;center&#8221; custom_padding_tablet=&#8221;&#8221; custom_padding_phone=&#8221;30px||&#8221; custom_padding_last_edited=&#8221;on|desktop&#8221; animation_style=&#8221;zoom&#8221; animation_direction=&#8221;bottom&#8221; animation_speed_curve=&#8221;linear&#8221; image_max_width=&#8221;80%&#8221; global_colors_info=&#8221;{}&#8221;]Verkauf \/ Gr\u00fcnder<\/p>\n<p>+39 335 7815370<br \/>\n<a href=\"mailto:baumschule.rautscher@rollmail.net\">baumschule.rautscher@rollmail.net<\/a>[\/et_pb_blurb][\/et_pb_column][et_pb_column type=&#8221;1_3&#8243; _builder_version=&#8221;4.16&#8243; custom_padding=&#8221;|||&#8221; global_colors_info=&#8221;{}&#8221; custom_padding__hover=&#8221;|||&#8221;][et_pb_blurb title=&#8221;Hermann Oberhofer&#8221; image=&#8221;https:\/\/feno.it\/wp-content\/uploads\/socio-Hermann-Oberhofer.jpg&#8221; image_icon_width=&#8221;80%&#8221; _builder_version=&#8221;4.16&#8243; header_level=&#8221;h2&#8243; header_font=&#8221;||||||||&#8221; header_text_align=&#8221;center&#8221; header_text_color=&#8221;#5a5a5a&#8221; header_font_size=&#8221;20px&#8221; header_line_height=&#8221;1.4em&#8221; body_font=&#8221;||||||||&#8221; body_text_align=&#8221;center&#8221; animation_style=&#8221;zoom&#8221; animation_direction=&#8221;bottom&#8221; animation_speed_curve=&#8221;linear&#8221; image_max_width=&#8221;80%&#8221; global_colors_info=&#8221;{}&#8221;]Verkauf<\/p>\n<p>+39 335 7736534<br \/>\n<a href=\"mailto:info@oberhoferb.com\">info@oberhoferb.com<\/a>[\/et_pb_blurb][\/et_pb_column][\/et_pb_row][et_pb_row make_equal=&#8221;on&#8221; _builder_version=&#8221;4.16&#8243; global_colors_info=&#8221;{}&#8221; column_structure=&#8221;1_3,1_3,1_3&#8243;][et_pb_column type=&#8221;1_3&#8243; _builder_version=&#8221;4.16&#8243; custom_padding=&#8221;|||&#8221; global_colors_info=&#8221;{}&#8221; custom_padding__hover=&#8221;|||&#8221;][et_pb_blurb title=&#8221;Karl Werth&#8221; image=&#8221;https:\/\/feno.it\/wp-content\/uploads\/socio-Karl-Werth.jpg&#8221; image_icon_width=&#8221;80%&#8221; _builder_version=&#8221;4.16&#8243; header_level=&#8221;h2&#8243; header_font=&#8221;||||||||&#8221; header_text_align=&#8221;center&#8221; header_text_color=&#8221;#5a5a5a&#8221; header_font_size=&#8221;20px&#8221; header_line_height=&#8221;1.4em&#8221; body_font=&#8221;||||||||&#8221; body_text_align=&#8221;center&#8221; custom_padding_tablet=&#8221;&#8221; custom_padding_phone=&#8221;30px||&#8221; custom_padding_last_edited=&#8221;on|desktop&#8221; animation_style=&#8221;zoom&#8221; animation_direction=&#8221;bottom&#8221; animation_speed_curve=&#8221;linear&#8221; image_max_width=&#8221;80%&#8221; global_colors_info=&#8221;{}&#8221;]Verkauf \/ Gr\u00fcnder<\/p>\n<p>+39 335 5316386<br \/>\n<a href=\"mailto:info@baumschule-werth.it\">info@baumschule-werth.it<\/a>[\/et_pb_blurb][\/et_pb_column][et_pb_column type=&#8221;1_3&#8243; _builder_version=&#8221;4.16&#8243; custom_padding=&#8221;|||&#8221; global_colors_info=&#8221;{}&#8221; custom_padding__hover=&#8221;|||&#8221;][\/et_pb_column][et_pb_column type=&#8221;1_3&#8243; _builder_version=&#8221;4.16&#8243; custom_padding=&#8221;|||&#8221; global_colors_info=&#8221;{}&#8221; custom_padding__hover=&#8221;|||&#8221;][\/et_pb_column][\/et_pb_row][et_pb_row make_equal=&#8221;on&#8221; disabled_on=&#8221;on|on|on&#8221; _builder_version=&#8221;4.16&#8243; global_colors_info=&#8221;{}&#8221; column_structure=&#8221;1_3,1_3,1_3&#8243;][et_pb_column type=&#8221;1_3&#8243; _builder_version=&#8221;4.16&#8243; custom_padding=&#8221;|||&#8221; global_colors_info=&#8221;{}&#8221; custom_padding__hover=&#8221;|||&#8221;][et_pb_blurb title=&#8221;Norbert Forti&#8221; image=&#8221;https:\/\/feno.it\/wp-content\/uploads\/socio-norbert.jpg&#8221; image_icon_width=&#8221;80%&#8221; _builder_version=&#8221;4.16&#8243; header_level=&#8221;h2&#8243; header_font=&#8221;||||||||&#8221; header_text_align=&#8221;center&#8221; header_text_color=&#8221;#5a5a5a&#8221; header_font_size=&#8221;20px&#8221; header_line_height=&#8221;1.4em&#8221; body_font=&#8221;||||||||&#8221; body_text_align=&#8221;center&#8221; animation_style=&#8221;zoom&#8221; animation_direction=&#8221;bottom&#8221; animation_speed_curve=&#8221;linear&#8221; image_max_width=&#8221;80%&#8221; global_colors_info=&#8221;{}&#8221;]Verkauf<\/p>\n<p>+39 335 6321950<br \/>\n<a href=\"mailto:info@fortivivai.it\">info@fortivivai.it<\/a>[\/et_pb_blurb][\/et_pb_column][et_pb_column type=&#8221;1_3&#8243; _builder_version=&#8221;4.16&#8243; custom_padding=&#8221;|||&#8221; global_colors_info=&#8221;{}&#8221; custom_padding__hover=&#8221;|||&#8221;][et_pb_blurb title=&#8221;Lukas Werth&#8221; image=&#8221;https:\/\/feno.it\/wp-content\/uploads\/socio-01.jpg&#8221; image_icon_width=&#8221;80%&#8221; _builder_version=&#8221;4.16&#8243; header_level=&#8221;h2&#8243; header_font=&#8221;||||||||&#8221; header_text_align=&#8221;center&#8221; header_text_color=&#8221;#5a5a5a&#8221; header_font_size=&#8221;20px&#8221; header_line_height=&#8221;1.4em&#8221; body_font=&#8221;||||||||&#8221; body_text_align=&#8221;center&#8221; animation_style=&#8221;zoom&#8221; animation_direction=&#8221;bottom&#8221; animation_speed_curve=&#8221;linear&#8221; image_max_width=&#8221;80%&#8221; global_colors_info=&#8221;{}&#8221;]Verkauf<\/p>\n<p>+39 333 5243253<br \/>\n<a href=\"mailto:lukas@baumschule-werth.it\">lukas@baumschule-werth.it<\/a>[\/et_pb_blurb][\/et_pb_column][et_pb_column type=&#8221;1_3&#8243; _builder_version=&#8221;4.16&#8243; custom_padding=&#8221;|||&#8221; global_colors_info=&#8221;{}&#8221; custom_padding__hover=&#8221;|||&#8221;][et_pb_blurb title=&#8221;Bernd Oberhofer&#8221; image=&#8221;https:\/\/feno.it\/wp-content\/uploads\/socio-02.jpg&#8221; image_icon_width=&#8221;80%&#8221; disabled_on=&#8221;off|off|off&#8221; _builder_version=&#8221;4.16&#8243; header_level=&#8221;h2&#8243; header_font=&#8221;||||||||&#8221; header_text_align=&#8221;center&#8221; header_text_color=&#8221;#5a5a5a&#8221; header_font_size=&#8221;20px&#8221; header_line_height=&#8221;1.4em&#8221; body_font=&#8221;||||||||&#8221; body_text_align=&#8221;center&#8221; animation_style=&#8221;zoom&#8221; animation_direction=&#8221;bottom&#8221; animation_speed_curve=&#8221;linear&#8221; image_max_width=&#8221;80%&#8221; global_colors_info=&#8221;{}&#8221;]Verkauf<\/p>\n<p>+39 333 4699227<br \/>\n<a href=\"mailto:info@oberhoferb.com\">info@oberhoferb.com<\/a>[\/et_pb_blurb][\/et_pb_column][\/et_pb_row][\/et_pb_section][et_pb_section fb_built=&#8221;1&#8243; _builder_version=&#8221;4.16&#8243; custom_padding=&#8221;0|0px|0px|0px|false|false&#8221; global_colors_info=&#8221;{}&#8221;][et_pb_row use_custom_gutter=&#8221;on&#8221; gutter_width=&#8221;0&#8243; module_class=&#8221; et_pb_row_fullwidth&#8221; _builder_version=&#8221;4.16&#8243; width=&#8221;100%&#8221; width_tablet=&#8221;100%&#8221; width_last_edited=&#8221;on|desktop&#8221; max_width=&#8221;100%&#8221; max_width_tablet=&#8221;100%&#8221; max_width_last_edited=&#8221;on|desktop&#8221; custom_padding=&#8221;0px|0px|0px|0px|false|false&#8221; make_fullwidth=&#8221;on&#8221; global_colors_info=&#8221;{}&#8221; width_phone=&#8221;100%&#8221; max_width_phone=&#8221;100%&#8221;][et_pb_column type=&#8221;4_4&#8243; _builder_version=&#8221;4.16&#8243; custom_padding=&#8221;|||&#8221; global_colors_info=&#8221;{}&#8221; custom_padding__hover=&#8221;|||&#8221;][et_pb_video src=&#8221;https:\/\/youtu.be\/EEDh0ooX3OI&#8221; _builder_version=&#8221;4.16&#8243; global_colors_info=&#8221;{}&#8221;][\/et_pb_video][\/et_pb_column][\/et_pb_row][\/et_pb_section]<\/p>\n","protected":false},"excerpt":{"rendered":"<p>Unternehmens- und UnternehmensphilosophieDas Unternehmen Feno GmbH wurde im Jahr 1999 von 5 ambitionierten Baumschulern gegr\u00fcndet. Der Name steht f\u00fcr F\u00f6rderung und Entwicklung Neuer Obstsorten. Mit der Gr\u00fcndung von Feno hat man auf die Notwendigkeit reagiert den stark ver\u00e4nderten Umst\u00e4nden, sowohl was die Regelungen bzw. Vorschriften f\u00fcr das Baumschulwesen betrifft, als auch was die g\u00e4nzlich neuen [&hellip;]<\/p>\n","protected":false},"author":1,"featured_media":0,"parent":0,"menu_order":0,"comment_status":"closed","ping_status":"closed","template":"","meta":{"_et_pb_use_builder":"on","_et_pb_old_content":"","_et_gb_content_width":"","footnotes":""},"class_list":["post-1916","page","type-page","status-publish","hentry"],"_links":{"self":[{"href":"https:\/\/www.feno.it\/de\/wp-json\/wp\/v2\/pages\/1916","targetHints":{"allow":["GET"]}}],"collection":[{"href":"https:\/\/www.feno.it\/de\/wp-json\/wp\/v2\/pages"}],"about":[{"href":"https:\/\/www.feno.it\/de\/wp-json\/wp\/v2\/types\/page"}],"author":[{"embeddable":true,"href":"https:\/\/www.feno.it\/de\/wp-json\/wp\/v2\/users\/1"}],"replies":[{"embeddable":true,"href":"https:\/\/www.feno.it\/de\/wp-json\/wp\/v2\/comments?post=1916"}],"version-history":[{"count":0,"href":"https:\/\/www.feno.it\/de\/wp-json\/wp\/v2\/pages\/1916\/revisions"}],"wp:attachment":[{"href":"https:\/\/www.feno.it\/de\/wp-json\/wp\/v2\/media?parent=1916"}],"curies":[{"name":"wp","href":"https:\/\/api.w.org\/{rel}","templated":true}]}}